{"id":243,"date":"2018-08-28T10:18:38","date_gmt":"2018-08-28T10:18:38","guid":{"rendered":"http:\/\/dkk:8888\/testseite\/"},"modified":"2025-10-06T19:50:07","modified_gmt":"2025-10-06T17:50:07","slug":"testseite-2","status":"publish","type":"page","link":"https:\/\/der-kieler-kaufmann.de\/en\/","title":{"rendered":"Startseite"},"content":{"rendered":"<div id=\"cs-content\" class=\"cs-content\"><\/div>\n","protected":false},"excerpt":{"rendered":"<p>&nbsp;Der Business Club f\u00fcr Kiel und Umgebung Mehr erfahren&nbsp;Ausgezeichnete Veranstaltungenf\u00fcr Mitglieder FR\u00dcHST\u00dcCKSVERANSTALTUNGEN Spannende Themen\u00a0mit hoher regionaler Bedeutung werden von Unternehmen, F\u00fchrungskr\u00e4ften und Institutionen sowie von der Politik und den Kommunen vorgetragen. Die Fr\u00fchst\u00fccksrunden beim Kieler Kaufmann sind mit ihren durchschnittlich\u00a040 bis 60 Teilnehmern\u00a0stets gut besucht. Vielf\u00e4ltige Anregungen k\u00f6nnen so noch vor Arbeitsbeginn aufgenommen werden.Mehr erfahrenabendveranstaltungen Zu den exklusiven Abendveranstaltungen kommen &#8230; <\/p>\n<div><a href=\"https:\/\/der-kieler-kaufmann.de\/en\/\" class=\"more-link\">Read More<\/a><\/div>\n","protected":false},"author":2,"featured_media":0,"parent":0,"menu_order":0,"comment_status":"closed","ping_status":"closed","template":"template-blank-4.php","meta":{"_acf_changed":false,"ngg_post_thumbnail":0,"footnotes":""},"class_list":["post-243","page","type-page","status-publish","hentry","no-post-thumbnail"],"acf":[],"_links":{"self":[{"href":"https:\/\/der-kieler-kaufmann.de\/en\/wp-json\/wp\/v2\/pages\/243","targetHints":{"allow":["GET"]}}],"collection":[{"href":"https:\/\/der-kieler-kaufmann.de\/en\/wp-json\/wp\/v2\/pages"}],"about":[{"href":"https:\/\/der-kieler-kaufmann.de\/en\/wp-json\/wp\/v2\/types\/page"}],"author":[{"embeddable":true,"href":"https:\/\/der-kieler-kaufmann.de\/en\/wp-json\/wp\/v2\/users\/2"}],"replies":[{"embeddable":true,"href":"https:\/\/der-kieler-kaufmann.de\/en\/wp-json\/wp\/v2\/comments?post=243"}],"version-history":[{"count":3,"href":"https:\/\/der-kieler-kaufmann.de\/en\/wp-json\/wp\/v2\/pages\/243\/revisions"}],"predecessor-version":[{"id":22001,"href":"https:\/\/der-kieler-kaufmann.de\/en\/wp-json\/wp\/v2\/pages\/243\/revisions\/22001"}],"wp:attachment":[{"href":"https:\/\/der-kieler-kaufmann.de\/en\/wp-json\/wp\/v2\/media?parent=243"}],"curies":[{"name":"wp","href":"https:\/\/api.w.org\/{rel}","templated":true}]}}